{"id":31383,"date":"2025-07-20T18:47:23","date_gmt":"2025-07-20T18:47:23","guid":{"rendered":"https:\/\/amazing-ye.com\/product\/loreal-super-liner-le-khol-101-midnight-black\/"},"modified":"2025-07-20T18:47:23","modified_gmt":"2025-07-20T18:47:23","slug":"loreal-super-liner-le-khol-101-midnight-black","status":"publish","type":"product","link":"https:\/\/amazing-ye.com\/en\/product\/loreal-super-liner-le-khol-101-midnight-black\/","title":{"rendered":"L'Or\u00e9al Super Liner Le Kh\u00f4l - 101 Midnight Black"},"content":{"rendered":"<p>Discover the L'Or\u00e9al Paris Volume Million Lashes Extra Black mascara, with a new formula enriched with gentle oils for naturally voluminous lashes that are perfectly separated.  <\/p>\n","protected":false},"excerpt":{"rendered":"<p>Discover the L'Or\u00e9al Paris Volume Million Lashes Extra Black mascara, with a new formula enriched with gentle oils for naturally<\/p>\n","protected":false},"featured_media":17894,"comment_status":"open","ping_status":"closed","template":"","meta":{"_acf_changed":false},"product_brand":[],"product_cat":[4960,4963,4968,4969,4970,4978,4979],"product_tag":[],"class_list":{"0":"post-31383","1":"product","2":"type-product","3":"status-publish","4":"has-post-thumbnail","6":"product_cat-cosmetology","7":"product_cat-great-variety","8":"product_cat-makeup-lenses-and-eyes","9":"product_cat-lashes","10":"product_cat-eyeliner","11":"product_cat-eyeshadow","12":"product_cat-beauty","14":"first","15":"instock","16":"shipping-taxable","17":"purchasable","18":"product-type-simple"},"acf":[],"_links":{"self":[{"href":"https:\/\/amazing-ye.com\/en\/wp-json\/wp\/v2\/product\/31383","targetHints":{"allow":["GET"]}}],"collection":[{"href":"https:\/\/amazing-ye.com\/en\/wp-json\/wp\/v2\/product"}],"about":[{"href":"https:\/\/amazing-ye.com\/en\/wp-json\/wp\/v2\/types\/product"}],"replies":[{"embeddable":true,"href":"https:\/\/amazing-ye.com\/en\/wp-json\/wp\/v2\/comments?post=31383"}],"wp:featuredmedia":[{"embeddable":true,"href":"https:\/\/amazing-ye.com\/en\/wp-json\/wp\/v2\/media\/17894"}],"wp:attachment":[{"href":"https:\/\/amazing-ye.com\/en\/wp-json\/wp\/v2\/media?parent=31383"}],"wp:term":[{"taxonomy":"product_brand","embeddable":true,"href":"https:\/\/amazing-ye.com\/en\/wp-json\/wp\/v2\/product_brand?post=31383"},{"taxonomy":"product_cat","embeddable":true,"href":"https:\/\/amazing-ye.com\/en\/wp-json\/wp\/v2\/product_cat?post=31383"},{"taxonomy":"product_tag","embeddable":true,"href":"https:\/\/amazing-ye.com\/en\/wp-json\/wp\/v2\/product_tag?post=31383"}],"curies":[{"name":"wp","href":"https:\/\/api.w.org\/{rel}","templated":true}]}}