{"id":31212,"date":"2025-07-22T19:09:26","date_gmt":"2025-07-22T19:09:26","guid":{"rendered":"https:\/\/amazing-ye.com\/product\/loreal-paris-excellence-creme-hair-color-ash-blonde-7-1\/"},"modified":"2025-07-22T19:09:26","modified_gmt":"2025-07-22T19:09:26","slug":"loreal-paris-excellence-creme-hair-color-ash-blonde-7-1","status":"publish","type":"product","link":"https:\/\/amazing-ye.com\/en\/product\/loreal-paris-excellence-creme-hair-color-ash-blonde-7-1\/","title":{"rendered":"L'Or\u00e9al Paris Excellence Creme Hair Color - Ash Blonde 7.1"},"content":{"rendered":"<p>L'Or\u00e9al Paris Excellence Cr\u00e8me combines the perfect products for an easy and effective at-home hair coloring experience. This product provides excellent coverage from root to tip in just three steps, allowing you to achieve your dream color. Excellence Cr\u00e8me is gentle on your scalp and hair, providing complete gray coverage. It delivers a rich, deep, natural, and even color, while also protecting your hair not only during coloring but also for up to eight weeks afterward. Each Excellence Cr\u00e8me shade contains high concentrations of pigments and is enriched with Pro-Keratin for long-lasting color and hair strengthening. Furthermore, this set includes a post-color care shampoo that gently cleanses the scalp and balances its pH level to minimize irritation, and a nourishing mask for shiny, soft, and vibrant hair. Pamper yourself with this luxurious treatment and give your hair a healthy, radiant color.          <\/p>\n","protected":false},"excerpt":{"rendered":"<p>L'Or\u00e9al Paris Excellence Cr\u00e8me combines the perfect products for an easy and effective at-home hair coloring experience. This product provides<\/p>\n","protected":false},"featured_media":18658,"comment_status":"open","ping_status":"closed","template":"","meta":{"_acf_changed":false},"product_brand":[],"product_cat":[4960,4961,4962,4963,4979],"product_tag":[],"class_list":{"0":"post-31212","1":"product","2":"type-product","3":"status-publish","4":"has-post-thumbnail","6":"product_cat-cosmetology","7":"product_cat-hair-care","8":"product_cat-womens-hair-dyes","9":"product_cat-great-variety","10":"product_cat-beauty","12":"first","13":"instock","14":"shipping-taxable","15":"purchasable","16":"product-type-simple"},"acf":[],"_links":{"self":[{"href":"https:\/\/amazing-ye.com\/en\/wp-json\/wp\/v2\/product\/31212","targetHints":{"allow":["GET"]}}],"collection":[{"href":"https:\/\/amazing-ye.com\/en\/wp-json\/wp\/v2\/product"}],"about":[{"href":"https:\/\/amazing-ye.com\/en\/wp-json\/wp\/v2\/types\/product"}],"replies":[{"embeddable":true,"href":"https:\/\/amazing-ye.com\/en\/wp-json\/wp\/v2\/comments?post=31212"}],"wp:featuredmedia":[{"embeddable":true,"href":"https:\/\/amazing-ye.com\/en\/wp-json\/wp\/v2\/media\/18658"}],"wp:attachment":[{"href":"https:\/\/amazing-ye.com\/en\/wp-json\/wp\/v2\/media?parent=31212"}],"wp:term":[{"taxonomy":"product_brand","embeddable":true,"href":"https:\/\/amazing-ye.com\/en\/wp-json\/wp\/v2\/product_brand?post=31212"},{"taxonomy":"product_cat","embeddable":true,"href":"https:\/\/amazing-ye.com\/en\/wp-json\/wp\/v2\/product_cat?post=31212"},{"taxonomy":"product_tag","embeddable":true,"href":"https:\/\/amazing-ye.com\/en\/wp-json\/wp\/v2\/product_tag?post=31212"}],"curies":[{"name":"wp","href":"https:\/\/api.w.org\/{rel}","templated":true}]}}